{"id":422,"date":"2024-11-01T13:01:57","date_gmt":"2024-11-01T12:01:57","guid":{"rendered":"https:\/\/acceptationdesoi.fr\/index.php\/contact-2\/"},"modified":"2024-11-05T11:43:31","modified_gmt":"2024-11-05T10:43:31","slug":"contact-2","status":"publish","type":"page","link":"https:\/\/acceptationdesoi.fr\/index.php\/contact-2\/","title":{"rendered":"Me contacter"},"content":{"rendered":"\n<div id=\"wp-block-themeisle-blocks-advanced-columns-de58857b\" class=\"wp-block-themeisle-blocks-advanced-columns alignfull has-1-columns has-desktop-equal-layout has-tablet-equal-layout has-mobile-equal-layout has-vertical-unset\"><div class=\"wp-block-themeisle-blocks-advanced-columns-overlay\"><\/div><div class=\"innerblocks-wrap\">\n<div id=\"wp-block-themeisle-blocks-advanced-column-f2953736\" class=\"wp-block-themeisle-blocks-advanced-column\">\n<div id=\"wp-block-themeisle-blocks-font-awesome-icons-2f936e33\" class=\"wp-block-themeisle-blocks-font-awesome-icons\"><span class=\"wp-block-themeisle-blocks-font-awesome-icons-container\"><i class=\"far fa-comments\"><\/i><\/span><\/div>\n\n\n\n<h1 id=\"wp-block-themeisle-blocks-advanced-heading-1d382bba\" class=\"wp-block-themeisle-blocks-advanced-heading wp-block-themeisle-blocks-advanced-heading-1d382bba\">Me contacter<\/h1>\n\n\n\n<p class=\"has-text-align-center has-neve-link-color-color has-text-color has-link-color has-medium-font-size wp-elements-624a96cdef590ba435d891d2c92fca98\"><em>\u201cJe me sens plus heureux simplement du fait d\u2019\u00eatre moi-m\u00eame et de laisser les autres \u00eatre eux-m\u00eames.\u201d<\/em> &#8211; <a href=\"https:\/\/www.acpfrance.fr\/qui-est-carl-rogers\/\">Carl Rogers<\/a><\/p>\n<\/div>\n<\/div><\/div>\n\n\n\n<div id=\"wp-block-themeisle-blocks-advanced-columns-4f3ae4cc\" class=\"wp-block-themeisle-blocks-advanced-columns alignfull has-2-columns has-desktop-equal-layout has-tablet-equal-layout has-mobile-collapsedRows-layout has-vertical-unset has-light-bg\"><div class=\"wp-block-themeisle-blocks-advanced-columns-overlay\"><\/div><div class=\"innerblocks-wrap\">\n<div id=\"wp-block-themeisle-blocks-advanced-column-3a11072a\" class=\"wp-block-themeisle-blocks-advanced-column\">\n<h4 class=\"wp-block-heading has-text-align-left has-nv-c-1-color has-text-color\">Vous souhaitez prendre rendez-vous pour une consultation ou pour en savoir plus<strong>?<\/strong><\/h4>\n\n\n\n<p><\/p>\n\n\n\n<p class=\"has-text-align-left has-neve-link-color-color has-text-color has-link-color wp-elements-25ffcf522e49228a7f67a653806740e1\">saintesprit.salima@gmail.com<\/p>\n\n\n\n<div id=\"wp-block-themeisle-blocks-button-group-3eaf3c07\" class=\"wp-block-themeisle-blocks-button-group wp-block-buttons align-left-desktop\">\n<div id=\"wp-block-themeisle-blocks-button-c17f966e\" class=\"wp-block-themeisle-blocks-button wp-block-button\"><a href=\"\" target=\"_self\" rel=\"noopener noreferrer\" class=\"wp-block-button__link\"><i class=\"fas fa-fw fa-map-marker\"><\/i><\/a><\/div>\n\n\n\n<div id=\"wp-block-themeisle-blocks-button-a79f9411\" class=\"wp-block-themeisle-blocks-button wp-block-button\"><a href=\"\" target=\"_self\" rel=\"noopener noreferrer\" class=\"wp-block-button__link\"><span>53C RUE DE BELFORT, 25000 BESAN\u00c7ON<\/span><\/a><\/div>\n<\/div>\n\n\n\n<div id=\"wp-block-themeisle-blocks-button-group-8d5f46eb\" class=\"wp-block-themeisle-blocks-button-group wp-block-buttons align-left-desktop\">\n<div id=\"wp-block-themeisle-blocks-button-22e3d972\" class=\"wp-block-themeisle-blocks-button wp-block-button\"><a href=\"\" target=\"_self\" rel=\"noopener noreferrer\" class=\"wp-block-button__link\"><i class=\"fas fa-fw fa-phone-square-alt\"><\/i><\/a><\/div>\n\n\n\n<div id=\"wp-block-themeisle-blocks-button-a977eed3\" class=\"wp-block-themeisle-blocks-button wp-block-button\"><a href=\"\" target=\"_self\" rel=\"noopener noreferrer\" class=\"wp-block-button__link\"><span>06 63 00 66 22<\/span><\/a><\/div>\n<\/div>\n<\/div>\n\n\n\n<div id=\"wp-block-themeisle-blocks-advanced-column-0eb66212\" class=\"wp-block-themeisle-blocks-advanced-column contact-form\">\n<div class=\"wp-block-columns is-layout-flex wp-container-core-columns-is-layout-9d6595d7 wp-block-columns-is-layout-flex\">\n<div class=\"wp-block-column is-layout-flow wp-block-column-is-layout-flow\" style=\"padding-top:0;padding-bottom:0\">\n<div class=\"wp-block-group\"><div class=\"wp-block-group__inner-container is-layout-constrained wp-block-group-is-layout-constrained\"><div class=\"wp-block-jetpack-contact-form\"><a href=\"https:\/\/acceptationdesoi.fr\/index.php\/contact-2\/\" target=\"_blank\" rel=\"noopener noreferrer\">Soumettre un formulaire.<\/a><\/div><\/div><\/div>\n<\/div>\n<\/div>\n<\/div>\n<\/div><\/div>\n\n\n<div style=\"height:400pxpx;\" class=\"wp-block-themeisle-blocks-leaflet-map\" id=\"wp-block-themeisle-blocks-leaflet-map-77e387b2\"><\/div>\n<script type=\"text\/javascript\">\n\t\/* <![CDATA[ *\/\n\t\tif ( ! window.themeisleLeafletMaps ) window.themeisleLeafletMaps =[];\n\t\twindow.themeisleLeafletMaps.push( { container: \"wp-block-themeisle-blocks-leaflet-map-77e387b2\", attributes: {\"id\":\"wp-block-themeisle-blocks-leaflet-map-77e387b2\",\"location\":\"53c RUE DE BELFORT, 25000 BESAN\\u00c7ON, FRANCE\",\"latitude\":\"47.247877542880396\",\"longitude\":\"6.027846336364747\",\"bbox\":\"6.01529359817505,47.24496424926363,6.040399074554444,47.25079067627069\",\"zoom\":16,\"markers\":[{\"id\":\"4fe92a7b-44e0-40d7-b6b1-a89c188243d6\",\"latitude\":47.2490009,\"longitude\":6.0296812,\"title\":\"Acceptation de soi\",\"description\":\"\"}],\"zoomControl\":false,\"height\":\"400px\",\"draggable\":true,\"hasCustomCSS\":false,\"customCSS\":\"\",\"otterConditions\":[]} } );\n\t\/* ]]> *\/\n<\/script>\n","protected":false},"excerpt":{"rendered":"","protected":false},"author":1,"featured_media":0,"parent":0,"menu_order":0,"comment_status":"closed","ping_status":"closed","template":"","meta":{"neve_meta_sidebar":"","neve_meta_container":"","neve_meta_enable_content_width":"","neve_meta_content_width":0,"neve_meta_title_alignment":"","neve_meta_author_avatar":"","neve_post_elements_order":"","neve_meta_disable_header":"","neve_meta_disable_footer":"","neve_meta_disable_title":"","_themeisle_gutenberg_block_has_review":false,"_ti_tpc_template_sync":false,"_ti_tpc_template_id":"","footnotes":""},"class_list":["post-422","page","type-page","status-publish","hentry"],"yoast_head":"<!-- This site is optimized with the Yoast SEO plugin v23.8 - https:\/\/yoast.com\/wordpress\/plugins\/seo\/ -->\n<title>Me contacter - Acceptation de soi<\/title>\n<meta name=\"description\" content=\"Me Contacter : vous souhaitez prendre rendez-vous pour une consultation dans mon cabinet ou pour en savoir plus\" \/>\n<meta name=\"robots\" content=\"index, follow, max-snippet:-1, max-image-preview:large, max-video-preview:-1\" \/>\n<link rel=\"canonical\" href=\"https:\/\/acceptationdesoi.fr\/index.php\/contact-2\/\" \/>\n<meta property=\"og:locale\" content=\"fr_FR\" \/>\n<meta property=\"og:type\" content=\"article\" \/>\n<meta property=\"og:title\" content=\"Me contacter - Acceptation de soi\" \/>\n<meta property=\"og:description\" content=\"Me Contacter : vous souhaitez prendre rendez-vous pour une consultation dans mon cabinet ou pour en savoir plus\" \/>\n<meta property=\"og:url\" content=\"https:\/\/acceptationdesoi.fr\/index.php\/contact-2\/\" \/>\n<meta property=\"og:site_name\" content=\"Acceptation de soi\" \/>\n<meta property=\"article:modified_time\" content=\"2024-11-05T10:43:31+00:00\" \/>\n<meta name=\"twitter:card\" content=\"summary_large_image\" \/>\n<meta name=\"twitter:label1\" content=\"Dur\u00e9e de lecture estim\u00e9e\" \/>\n\t<meta name=\"twitter:data1\" content=\"1 minute\" \/>\n<script type=\"application\/ld+json\" class=\"yoast-schema-graph\">{\"@context\":\"https:\/\/schema.org\",\"@graph\":[{\"@type\":\"WebPage\",\"@id\":\"https:\/\/acceptationdesoi.fr\/index.php\/contact-2\/\",\"url\":\"https:\/\/acceptationdesoi.fr\/index.php\/contact-2\/\",\"name\":\"Me contacter - Acceptation de soi\",\"isPartOf\":{\"@id\":\"https:\/\/acceptationdesoi.fr\/#website\"},\"datePublished\":\"2024-11-01T12:01:57+00:00\",\"dateModified\":\"2024-11-05T10:43:31+00:00\",\"description\":\"Me Contacter : vous souhaitez prendre rendez-vous pour une consultation dans mon cabinet ou pour en savoir plus\",\"breadcrumb\":{\"@id\":\"https:\/\/acceptationdesoi.fr\/index.php\/contact-2\/#breadcrumb\"},\"inLanguage\":\"fr-FR\",\"potentialAction\":[{\"@type\":\"ReadAction\",\"target\":[\"https:\/\/acceptationdesoi.fr\/index.php\/contact-2\/\"]}]},{\"@type\":\"BreadcrumbList\",\"@id\":\"https:\/\/acceptationdesoi.fr\/index.php\/contact-2\/#breadcrumb\",\"itemListElement\":[{\"@type\":\"ListItem\",\"position\":1,\"name\":\"Accueil\",\"item\":\"https:\/\/acceptationdesoi.fr\/\"},{\"@type\":\"ListItem\",\"position\":2,\"name\":\"Me contacter\"}]},{\"@type\":\"WebSite\",\"@id\":\"https:\/\/acceptationdesoi.fr\/#website\",\"url\":\"https:\/\/acceptationdesoi.fr\/\",\"name\":\"Acceptation de soi\",\"description\":\"Psychoth\u00e9rapie exp\u00e9riencielle en Approche centr\u00e9e sur la personne, selon la voie de Carl Rogers\",\"publisher\":{\"@id\":\"https:\/\/acceptationdesoi.fr\/#organization\"},\"potentialAction\":[{\"@type\":\"SearchAction\",\"target\":{\"@type\":\"EntryPoint\",\"urlTemplate\":\"https:\/\/acceptationdesoi.fr\/?s={search_term_string}\"},\"query-input\":{\"@type\":\"PropertyValueSpecification\",\"valueRequired\":true,\"valueName\":\"search_term_string\"}}],\"inLanguage\":\"fr-FR\"},{\"@type\":\"Organization\",\"@id\":\"https:\/\/acceptationdesoi.fr\/#organization\",\"name\":\"Acceptation de soi\",\"url\":\"https:\/\/acceptationdesoi.fr\/\",\"logo\":{\"@type\":\"ImageObject\",\"inLanguage\":\"fr-FR\",\"@id\":\"https:\/\/acceptationdesoi.fr\/#\/schema\/logo\/image\/\",\"url\":\"https:\/\/acceptationdesoi.fr\/wp-content\/uploads\/2024\/11\/LogoADS.jpg\",\"contentUrl\":\"https:\/\/acceptationdesoi.fr\/wp-content\/uploads\/2024\/11\/LogoADS.jpg\",\"width\":456,\"height\":86,\"caption\":\"Acceptation de soi\"},\"image\":{\"@id\":\"https:\/\/acceptationdesoi.fr\/#\/schema\/logo\/image\/\"}}]}<\/script>\n<!-- \/ Yoast SEO plugin. -->","yoast_head_json":{"title":"Me contacter - Acceptation de soi","description":"Me Contacter : vous souhaitez prendre rendez-vous pour une consultation dans mon cabinet ou pour en savoir plus","robots":{"index":"index","follow":"follow","max-snippet":"max-snippet:-1","max-image-preview":"max-image-preview:large","max-video-preview":"max-video-preview:-1"},"canonical":"https:\/\/acceptationdesoi.fr\/index.php\/contact-2\/","og_locale":"fr_FR","og_type":"article","og_title":"Me contacter - Acceptation de soi","og_description":"Me Contacter : vous souhaitez prendre rendez-vous pour une consultation dans mon cabinet ou pour en savoir plus","og_url":"https:\/\/acceptationdesoi.fr\/index.php\/contact-2\/","og_site_name":"Acceptation de soi","article_modified_time":"2024-11-05T10:43:31+00:00","twitter_card":"summary_large_image","twitter_misc":{"Dur\u00e9e de lecture estim\u00e9e":"1 minute"},"schema":{"@context":"https:\/\/schema.org","@graph":[{"@type":"WebPage","@id":"https:\/\/acceptationdesoi.fr\/index.php\/contact-2\/","url":"https:\/\/acceptationdesoi.fr\/index.php\/contact-2\/","name":"Me contacter - Acceptation de soi","isPartOf":{"@id":"https:\/\/acceptationdesoi.fr\/#website"},"datePublished":"2024-11-01T12:01:57+00:00","dateModified":"2024-11-05T10:43:31+00:00","description":"Me Contacter : vous souhaitez prendre rendez-vous pour une consultation dans mon cabinet ou pour en savoir plus","breadcrumb":{"@id":"https:\/\/acceptationdesoi.fr\/index.php\/contact-2\/#breadcrumb"},"inLanguage":"fr-FR","potentialAction":[{"@type":"ReadAction","target":["https:\/\/acceptationdesoi.fr\/index.php\/contact-2\/"]}]},{"@type":"BreadcrumbList","@id":"https:\/\/acceptationdesoi.fr\/index.php\/contact-2\/#breadcrumb","itemListElement":[{"@type":"ListItem","position":1,"name":"Accueil","item":"https:\/\/acceptationdesoi.fr\/"},{"@type":"ListItem","position":2,"name":"Me contacter"}]},{"@type":"WebSite","@id":"https:\/\/acceptationdesoi.fr\/#website","url":"https:\/\/acceptationdesoi.fr\/","name":"Acceptation de soi","description":"Psychoth\u00e9rapie exp\u00e9riencielle en Approche centr\u00e9e sur la personne, selon la voie de Carl Rogers","publisher":{"@id":"https:\/\/acceptationdesoi.fr\/#organization"},"potentialAction":[{"@type":"SearchAction","target":{"@type":"EntryPoint","urlTemplate":"https:\/\/acceptationdesoi.fr\/?s={search_term_string}"},"query-input":{"@type":"PropertyValueSpecification","valueRequired":true,"valueName":"search_term_string"}}],"inLanguage":"fr-FR"},{"@type":"Organization","@id":"https:\/\/acceptationdesoi.fr\/#organization","name":"Acceptation de soi","url":"https:\/\/acceptationdesoi.fr\/","logo":{"@type":"ImageObject","inLanguage":"fr-FR","@id":"https:\/\/acceptationdesoi.fr\/#\/schema\/logo\/image\/","url":"https:\/\/acceptationdesoi.fr\/wp-content\/uploads\/2024\/11\/LogoADS.jpg","contentUrl":"https:\/\/acceptationdesoi.fr\/wp-content\/uploads\/2024\/11\/LogoADS.jpg","width":456,"height":86,"caption":"Acceptation de soi"},"image":{"@id":"https:\/\/acceptationdesoi.fr\/#\/schema\/logo\/image\/"}}]}},"jetpack_sharing_enabled":true,"_links":{"self":[{"href":"https:\/\/acceptationdesoi.fr\/index.php\/wp-json\/wp\/v2\/pages\/422","targetHints":{"allow":["GET"]}}],"collection":[{"href":"https:\/\/acceptationdesoi.fr\/index.php\/wp-json\/wp\/v2\/pages"}],"about":[{"href":"https:\/\/acceptationdesoi.fr\/index.php\/wp-json\/wp\/v2\/types\/page"}],"author":[{"embeddable":true,"href":"https:\/\/acceptationdesoi.fr\/index.php\/wp-json\/wp\/v2\/users\/1"}],"replies":[{"embeddable":true,"href":"https:\/\/acceptationdesoi.fr\/index.php\/wp-json\/wp\/v2\/comments?post=422"}],"version-history":[{"count":78,"href":"https:\/\/acceptationdesoi.fr\/index.php\/wp-json\/wp\/v2\/pages\/422\/revisions"}],"predecessor-version":[{"id":927,"href":"https:\/\/acceptationdesoi.fr\/index.php\/wp-json\/wp\/v2\/pages\/422\/revisions\/927"}],"wp:attachment":[{"href":"https:\/\/acceptationdesoi.fr\/index.php\/wp-json\/wp\/v2\/media?parent=422"}],"curies":[{"name":"wp","href":"https:\/\/api.w.org\/{rel}","templated":true}]}}