{"id":426,"date":"2024-11-01T13:01:57","date_gmt":"2024-11-01T12:01:57","guid":{"rendered":"https:\/\/acceptationdesoi.fr\/index.php\/home-2\/"},"modified":"2026-04-06T16:51:02","modified_gmt":"2026-04-06T14:51:02","slug":"home-2","status":"publish","type":"page","link":"https:\/\/acceptationdesoi.fr\/","title":{"rendered":"Accueil"},"content":{"rendered":"\n<div id=\"wp-block-themeisle-blocks-advanced-columns-c66cca8a\" class=\"wp-block-themeisle-blocks-advanced-columns alignfull has-1-columns has-desktop-equal-layout has-tablet-equal-layout has-mobile-equal-layout has-vertical-top\"><div class=\"wp-block-themeisle-blocks-advanced-columns-overlay\"><\/div><div class=\"innerblocks-wrap\">\n<div id=\"wp-block-themeisle-blocks-advanced-column-38b46dce\" class=\"wp-block-themeisle-blocks-advanced-column\">\n<h2 class=\"wp-block-heading has-text-align-center has-neve-link-hover-color-color has-text-color has-link-color wp-elements-a93716199a08f19be1ea0d66583e570b\">Se conna\u00eetre, s&rsquo;accepter, \u00e9voluer<\/h2>\n\n\n\n<p class=\"has-text-align-center\"><strong><em>Un accompagnement centr\u00e9 sur vous<\/em><\/strong><\/p>\n\n\n\n<p class=\"has-text-align-center has-neve-text-color-color has-text-color has-link-color has-small-font-size wp-elements-37409678a74415883fb48e5395e93074\"><em>\u00ab\u00a0Quand je m\u2019accepte tel que je suis, je peux changer<\/em>\u00a0\u00bb <br>&#8211; Carl Rogers<\/p>\n\n\n\n<div id=\"wp-block-themeisle-blocks-button-group-2e76fc7b\" class=\"wp-block-themeisle-blocks-button-group wp-block-buttons align-center-desktop\">\n<div id=\"wp-block-themeisle-blocks-button-608c5702\" class=\"wp-block-themeisle-blocks-button wp-block-button ticss-608c5702\"><a target=\"_self\" rel=\"noopener noreferrer\" class=\"wp-block-button__link\"><span>Faire le premier pas<\/span><\/a><\/div>\n<\/div>\n\n\n\n<p class=\"has-text-align-center\"><strong>Un premier \u00e9change, simplement pour voir si cela vous correspond.<\/strong><\/p>\n\n\n\n<div class=\"wp-block-group section-approche\"><div class=\"wp-block-group__inner-container is-layout-constrained wp-block-group-is-layout-constrained\">\n<h2 class=\"wp-block-heading has-text-align-center\" id=\"approche\">L&rsquo;approche<\/h2>\n\n\n\n<p class=\"has-text-align-center\">J\u2019accompagne les personnes qui ressentent le besoin de se poser, de mieux se comprendre, et d\u2019avancer \u00e0 leur rythme.<\/p>\n\n\n\n<p class=\"has-text-align-center\">Ici, il ne s\u2019agit pas de devenir quelqu\u2019un d\u2019autre, mais d\u2019apprendre \u00e0 se rencontrer tel que l\u2019on est.<\/p>\n\n\n\n<p class=\"has-text-align-center\">Mon approche s\u2019appuie sur l\u2019Approche Centr\u00e9e sur la Personne de Carl Rogers. Elle repose sur une relation authentique, une \u00e9coute profonde, et un accueil sans jugement.<\/p>\n\n\n\n<p class=\"has-text-align-center\">Dans cet espace, vous pouvez d\u00e9poser ce que vous vivez, en toute s\u00e9curit\u00e9.<\/p>\n\n\n\n<ul class=\"wp-block-list\">\n<li>\u00c9coute attentive et bienveillante<\/li>\n\n\n\n<li>Relation authentique<\/li>\n\n\n\n<li>Accueil sans jugement<\/li>\n<\/ul>\n<\/div><\/div>\n<\/div>\n<\/div><\/div>\n\n\n\n<div id=\"wp-block-themeisle-blocks-advanced-columns-c8acd77c\" class=\"wp-block-themeisle-blocks-advanced-columns alignfull has-3-columns has-desktop-equal-layout has-tablet-equal-layout has-mobile-collapsedRows-layout has-vertical-unset has-light-bg\"><div class=\"wp-block-themeisle-blocks-advanced-columns-overlay\"><\/div><div class=\"innerblocks-wrap\">\n<div id=\"wp-block-themeisle-blocks-advanced-column-081b3307\" class=\"wp-block-themeisle-blocks-advanced-column\">\n<h4 class=\"wp-block-heading has-nv-c-1-color has-text-color\"><strong>Quelques t\u00e9moignages<\/strong><\/h4>\n\n\n\n<h2 class=\"wp-block-heading\">Ce qu&rsquo;en pense mes clients<\/h2>\n<\/div>\n\n\n\n<div id=\"wp-block-themeisle-blocks-advanced-column-7580aa32\" class=\"wp-block-themeisle-blocks-advanced-column\">\n<div id=\"wp-block-themeisle-blocks-icon-list-44b93baf\" class=\"wp-block-themeisle-blocks-icon-list is-style-horizontal ticss-b6c7ec6f\">\n<div id=\"wp-block-themeisle-blocks-icon-list-item-cad7ed02\" class=\"wp-block-themeisle-blocks-icon-list-item\"><i class=\"fas fa-star wp-block-themeisle-blocks-icon-list-item-icon-custom\"><\/i><p class=\"wp-block-themeisle-blocks-icon-list-item-content\">List item 5<\/p><\/div>\n\n\n\n<div id=\"wp-block-themeisle-blocks-icon-list-item-e868dc76\" class=\"wp-block-themeisle-blocks-icon-list-item\"><i class=\"fas fa-star wp-block-themeisle-blocks-icon-list-item-icon-custom\"><\/i><p class=\"wp-block-themeisle-blocks-icon-list-item-content\">List item 5<\/p><\/div>\n\n\n\n<div id=\"wp-block-themeisle-blocks-icon-list-item-1e291162\" class=\"wp-block-themeisle-blocks-icon-list-item\"><i class=\"fas fa-star wp-block-themeisle-blocks-icon-list-item-icon-custom\"><\/i><p class=\"wp-block-themeisle-blocks-icon-list-item-content\">List item 5<\/p><\/div>\n\n\n\n<div id=\"wp-block-themeisle-blocks-icon-list-item-3b91cb23\" class=\"wp-block-themeisle-blocks-icon-list-item\"><i class=\"fas fa-star wp-block-themeisle-blocks-icon-list-item-icon-custom\"><\/i><p class=\"wp-block-themeisle-blocks-icon-list-item-content\">List item 5<\/p><\/div>\n\n\n\n<div id=\"wp-block-themeisle-blocks-icon-list-item-d8cb8be4\" class=\"wp-block-themeisle-blocks-icon-list-item\"><i class=\"fas fa-star wp-block-themeisle-blocks-icon-list-item-icon-custom\"><\/i><p class=\"wp-block-themeisle-blocks-icon-list-item-content\">List item 5<\/p><\/div>\n<\/div>\n\n\n\n<p>Dynamique, enthousiasme et toujours positive, des qualit\u00e9s essentielles quand on guide quelqu&rsquo;un qui cherche sa nouvelle voie. Salima a su me pousser en avant et me rassurer quand je doutais, toujours \u00e0 faire ressortir le positif. Un grand merci !<\/p>\n\n\n\n<h6 id=\"wp-block-themeisle-blocks-advanced-heading-4ce8af98\" class=\"wp-block-themeisle-blocks-advanced-heading wp-block-themeisle-blocks-advanced-heading-4ce8af98\"><strong>CHRISTOPHE T.<\/strong><\/h6>\n<\/div>\n\n\n\n<div id=\"wp-block-themeisle-blocks-advanced-column-1e721d0e\" class=\"wp-block-themeisle-blocks-advanced-column\">\n<div id=\"wp-block-themeisle-blocks-icon-list-357421af\" class=\"wp-block-themeisle-blocks-icon-list is-style-horizontal ticss-a34b6785\">\n<div id=\"wp-block-themeisle-blocks-icon-list-item-b9c9a1bc\" class=\"wp-block-themeisle-blocks-icon-list-item\"><i class=\"fas fa-star wp-block-themeisle-blocks-icon-list-item-icon-custom\"><\/i><p class=\"wp-block-themeisle-blocks-icon-list-item-content\">List item 5<\/p><\/div>\n\n\n\n<div id=\"wp-block-themeisle-blocks-icon-list-item-7c04bf73\" class=\"wp-block-themeisle-blocks-icon-list-item\"><i class=\"fas fa-star wp-block-themeisle-blocks-icon-list-item-icon-custom\"><\/i><p class=\"wp-block-themeisle-blocks-icon-list-item-content\">List item 5<\/p><\/div>\n\n\n\n<div id=\"wp-block-themeisle-blocks-icon-list-item-46bc816d\" class=\"wp-block-themeisle-blocks-icon-list-item\"><i class=\"fas fa-star wp-block-themeisle-blocks-icon-list-item-icon-custom\"><\/i><p class=\"wp-block-themeisle-blocks-icon-list-item-content\">List item 5<\/p><\/div>\n\n\n\n<div id=\"wp-block-themeisle-blocks-icon-list-item-89b7509d\" class=\"wp-block-themeisle-blocks-icon-list-item\"><i class=\"fas fa-star wp-block-themeisle-blocks-icon-list-item-icon-custom\"><\/i><p class=\"wp-block-themeisle-blocks-icon-list-item-content\">List item 5<\/p><\/div>\n\n\n\n<div id=\"wp-block-themeisle-blocks-icon-list-item-017b71d0\" class=\"wp-block-themeisle-blocks-icon-list-item\"><i class=\"fas fa-star wp-block-themeisle-blocks-icon-list-item-icon-custom\"><\/i><p class=\"wp-block-themeisle-blocks-icon-list-item-content\">List item 5<\/p><\/div>\n<\/div>\n\n\n\n<p>Salima m&rsquo;a beaucoup apport\u00e9 dans mon quotidien. En effet, j&rsquo;ai pu travailler sur ma confiance en moi, mes objectifs de vie et mes priorit\u00e9s. C&rsquo;est une vraie prise de conscience \u00e0 360\u00b0. Maintenant, je me sens \u00e9panouie \u00e0 nouveau et aborde l&rsquo;avenir avec s\u00e9r\u00e9nit\u00e9.<\/p>\n\n\n\n<h6 id=\"wp-block-themeisle-blocks-advanced-heading-4334554b\" class=\"wp-block-themeisle-blocks-advanced-heading wp-block-themeisle-blocks-advanced-heading-4334554b\"><strong>CHLOE<\/strong> B.<\/h6>\n<\/div>\n<\/div><\/div>\n","protected":false},"excerpt":{"rendered":"","protected":false},"author":1,"featured_media":0,"parent":0,"menu_order":0,"comment_status":"closed","ping_status":"closed","template":"page-templates\/template-pagebuilder-full-width.php","meta":{"neve_meta_sidebar":"full-width","neve_meta_container":"","neve_meta_enable_content_width":"on","neve_meta_content_width":100,"neve_meta_title_alignment":"","neve_meta_author_avatar":"","neve_post_elements_order":"","neve_meta_disable_header":"","neve_meta_disable_footer":"","neve_meta_disable_title":"on","_themeisle_gutenberg_block_has_review":false,"_ti_tpc_template_sync":false,"_ti_tpc_template_id":"","footnotes":""},"class_list":["post-426","page","type-page","status-publish","hentry"],"yoast_head":"<!-- This site is optimized with the Yoast SEO plugin v23.8 - https:\/\/yoast.com\/wordpress\/plugins\/seo\/ -->\n<title>Accueil - Acceptation de soi<\/title>\n<meta name=\"description\" content=\"Salima Saintesprit - Acceptation de soi - Psychoth\u00e9rapie exp\u00e9riencielle en Approche Centr\u00e9e sur la Personne, selon la th\u00e9orie de Carl Rogers.\" \/>\n<meta name=\"robots\" content=\"index, follow, max-snippet:-1, max-image-preview:large, max-video-preview:-1\" \/>\n<link rel=\"canonical\" href=\"https:\/\/acceptationdesoi.fr\/\" \/>\n<meta property=\"og:locale\" content=\"fr_FR\" \/>\n<meta property=\"og:type\" content=\"article\" \/>\n<meta property=\"og:title\" content=\"Accueil - Acceptation de soi\" \/>\n<meta property=\"og:description\" content=\"Salima Saintesprit - Acceptation de soi - Psychoth\u00e9rapie exp\u00e9riencielle en Approche Centr\u00e9e sur la Personne, selon la th\u00e9orie de Carl Rogers.\" \/>\n<meta property=\"og:url\" content=\"https:\/\/acceptationdesoi.fr\/\" \/>\n<meta property=\"og:site_name\" content=\"Acceptation de soi\" \/>\n<meta property=\"article:modified_time\" content=\"2026-04-06T14:51:02+00:00\" \/>\n<meta name=\"twitter:card\" content=\"summary_large_image\" \/>\n<meta name=\"twitter:label1\" content=\"Dur\u00e9e de lecture estim\u00e9e\" \/>\n\t<meta name=\"twitter:data1\" content=\"2 minutes\" \/>\n<script type=\"application\/ld+json\" class=\"yoast-schema-graph\">{\"@context\":\"https:\/\/schema.org\",\"@graph\":[{\"@type\":\"Article\",\"@id\":\"https:\/\/acceptationdesoi.fr\/#article\",\"isPartOf\":{\"@id\":\"https:\/\/acceptationdesoi.fr\/\"},\"author\":{\"name\":\"admin8367\",\"@id\":\"https:\/\/acceptationdesoi.fr\/#\/schema\/person\/df70b93d425968942c9fb23384efc409\"},\"headline\":\"Accueil\",\"datePublished\":\"2024-11-01T12:01:57+00:00\",\"dateModified\":\"2026-04-06T14:51:02+00:00\",\"mainEntityOfPage\":{\"@id\":\"https:\/\/acceptationdesoi.fr\/\"},\"wordCount\":258,\"publisher\":{\"@id\":\"https:\/\/acceptationdesoi.fr\/#organization\"},\"inLanguage\":\"fr-FR\"},{\"@type\":\"WebPage\",\"@id\":\"https:\/\/acceptationdesoi.fr\/\",\"url\":\"https:\/\/acceptationdesoi.fr\/\",\"name\":\"Accueil - Acceptation de soi\",\"isPartOf\":{\"@id\":\"https:\/\/acceptationdesoi.fr\/#website\"},\"datePublished\":\"2024-11-01T12:01:57+00:00\",\"dateModified\":\"2026-04-06T14:51:02+00:00\",\"description\":\"Salima Saintesprit - Acceptation de soi - Psychoth\u00e9rapie exp\u00e9riencielle en Approche Centr\u00e9e sur la Personne, selon la th\u00e9orie de Carl Rogers.\",\"breadcrumb\":{\"@id\":\"https:\/\/acceptationdesoi.fr\/#breadcrumb\"},\"inLanguage\":\"fr-FR\",\"potentialAction\":[{\"@type\":\"ReadAction\",\"target\":[\"https:\/\/acceptationdesoi.fr\/\"]}]},{\"@type\":\"BreadcrumbList\",\"@id\":\"https:\/\/acceptationdesoi.fr\/#breadcrumb\",\"itemListElement\":[{\"@type\":\"ListItem\",\"position\":1,\"name\":\"Accueil\",\"item\":\"https:\/\/acceptationdesoi.fr\/\"},{\"@type\":\"ListItem\",\"position\":2,\"name\":\"Accueil\"}]},{\"@type\":\"WebSite\",\"@id\":\"https:\/\/acceptationdesoi.fr\/#website\",\"url\":\"https:\/\/acceptationdesoi.fr\/\",\"name\":\"Acceptation de soi\",\"description\":\"Psychoth\u00e9rapie exp\u00e9riencielle en Approche centr\u00e9e sur la personne, selon la voie de Carl Rogers\",\"publisher\":{\"@id\":\"https:\/\/acceptationdesoi.fr\/#organization\"},\"potentialAction\":[{\"@type\":\"SearchAction\",\"target\":{\"@type\":\"EntryPoint\",\"urlTemplate\":\"https:\/\/acceptationdesoi.fr\/?s={search_term_string}\"},\"query-input\":{\"@type\":\"PropertyValueSpecification\",\"valueRequired\":true,\"valueName\":\"search_term_string\"}}],\"inLanguage\":\"fr-FR\"},{\"@type\":\"Organization\",\"@id\":\"https:\/\/acceptationdesoi.fr\/#organization\",\"name\":\"Acceptation de soi\",\"url\":\"https:\/\/acceptationdesoi.fr\/\",\"logo\":{\"@type\":\"ImageObject\",\"inLanguage\":\"fr-FR\",\"@id\":\"https:\/\/acceptationdesoi.fr\/#\/schema\/logo\/image\/\",\"url\":\"https:\/\/acceptationdesoi.fr\/wp-content\/uploads\/2024\/11\/LogoADS.jpg\",\"contentUrl\":\"https:\/\/acceptationdesoi.fr\/wp-content\/uploads\/2024\/11\/LogoADS.jpg\",\"width\":456,\"height\":86,\"caption\":\"Acceptation de soi\"},\"image\":{\"@id\":\"https:\/\/acceptationdesoi.fr\/#\/schema\/logo\/image\/\"}},{\"@type\":\"Person\",\"@id\":\"https:\/\/acceptationdesoi.fr\/#\/schema\/person\/df70b93d425968942c9fb23384efc409\",\"name\":\"admin8367\",\"image\":{\"@type\":\"ImageObject\",\"inLanguage\":\"fr-FR\",\"@id\":\"https:\/\/acceptationdesoi.fr\/#\/schema\/person\/image\/\",\"url\":\"https:\/\/secure.gravatar.com\/avatar\/fd747076f3cba35a8adf240cc27d59f586c9d75cc8a713306739f5a6a0cf04ff?s=96&d=mm&r=g\",\"contentUrl\":\"https:\/\/secure.gravatar.com\/avatar\/fd747076f3cba35a8adf240cc27d59f586c9d75cc8a713306739f5a6a0cf04ff?s=96&d=mm&r=g\",\"caption\":\"admin8367\"},\"sameAs\":[\"http:\/\/acceptk.cluster027.hosting.ovh.net\"],\"url\":\"https:\/\/acceptationdesoi.fr\/index.php\/author\/admin8367\/\"}]}<\/script>\n<!-- \/ Yoast SEO plugin. -->","yoast_head_json":{"title":"Accueil - Acceptation de soi","description":"Salima Saintesprit - Acceptation de soi - Psychoth\u00e9rapie exp\u00e9riencielle en Approche Centr\u00e9e sur la Personne, selon la th\u00e9orie de Carl Rogers.","robots":{"index":"index","follow":"follow","max-snippet":"max-snippet:-1","max-image-preview":"max-image-preview:large","max-video-preview":"max-video-preview:-1"},"canonical":"https:\/\/acceptationdesoi.fr\/","og_locale":"fr_FR","og_type":"article","og_title":"Accueil - Acceptation de soi","og_description":"Salima Saintesprit - Acceptation de soi - Psychoth\u00e9rapie exp\u00e9riencielle en Approche Centr\u00e9e sur la Personne, selon la th\u00e9orie de Carl Rogers.","og_url":"https:\/\/acceptationdesoi.fr\/","og_site_name":"Acceptation de soi","article_modified_time":"2026-04-06T14:51:02+00:00","twitter_card":"summary_large_image","twitter_misc":{"Dur\u00e9e de lecture estim\u00e9e":"2 minutes"},"schema":{"@context":"https:\/\/schema.org","@graph":[{"@type":"Article","@id":"https:\/\/acceptationdesoi.fr\/#article","isPartOf":{"@id":"https:\/\/acceptationdesoi.fr\/"},"author":{"name":"admin8367","@id":"https:\/\/acceptationdesoi.fr\/#\/schema\/person\/df70b93d425968942c9fb23384efc409"},"headline":"Accueil","datePublished":"2024-11-01T12:01:57+00:00","dateModified":"2026-04-06T14:51:02+00:00","mainEntityOfPage":{"@id":"https:\/\/acceptationdesoi.fr\/"},"wordCount":258,"publisher":{"@id":"https:\/\/acceptationdesoi.fr\/#organization"},"inLanguage":"fr-FR"},{"@type":"WebPage","@id":"https:\/\/acceptationdesoi.fr\/","url":"https:\/\/acceptationdesoi.fr\/","name":"Accueil - Acceptation de soi","isPartOf":{"@id":"https:\/\/acceptationdesoi.fr\/#website"},"datePublished":"2024-11-01T12:01:57+00:00","dateModified":"2026-04-06T14:51:02+00:00","description":"Salima Saintesprit - Acceptation de soi - Psychoth\u00e9rapie exp\u00e9riencielle en Approche Centr\u00e9e sur la Personne, selon la th\u00e9orie de Carl Rogers.","breadcrumb":{"@id":"https:\/\/acceptationdesoi.fr\/#breadcrumb"},"inLanguage":"fr-FR","potentialAction":[{"@type":"ReadAction","target":["https:\/\/acceptationdesoi.fr\/"]}]},{"@type":"BreadcrumbList","@id":"https:\/\/acceptationdesoi.fr\/#breadcrumb","itemListElement":[{"@type":"ListItem","position":1,"name":"Accueil","item":"https:\/\/acceptationdesoi.fr\/"},{"@type":"ListItem","position":2,"name":"Accueil"}]},{"@type":"WebSite","@id":"https:\/\/acceptationdesoi.fr\/#website","url":"https:\/\/acceptationdesoi.fr\/","name":"Acceptation de soi","description":"Psychoth\u00e9rapie exp\u00e9riencielle en Approche centr\u00e9e sur la personne, selon la voie de Carl Rogers","publisher":{"@id":"https:\/\/acceptationdesoi.fr\/#organization"},"potentialAction":[{"@type":"SearchAction","target":{"@type":"EntryPoint","urlTemplate":"https:\/\/acceptationdesoi.fr\/?s={search_term_string}"},"query-input":{"@type":"PropertyValueSpecification","valueRequired":true,"valueName":"search_term_string"}}],"inLanguage":"fr-FR"},{"@type":"Organization","@id":"https:\/\/acceptationdesoi.fr\/#organization","name":"Acceptation de soi","url":"https:\/\/acceptationdesoi.fr\/","logo":{"@type":"ImageObject","inLanguage":"fr-FR","@id":"https:\/\/acceptationdesoi.fr\/#\/schema\/logo\/image\/","url":"https:\/\/acceptationdesoi.fr\/wp-content\/uploads\/2024\/11\/LogoADS.jpg","contentUrl":"https:\/\/acceptationdesoi.fr\/wp-content\/uploads\/2024\/11\/LogoADS.jpg","width":456,"height":86,"caption":"Acceptation de soi"},"image":{"@id":"https:\/\/acceptationdesoi.fr\/#\/schema\/logo\/image\/"}},{"@type":"Person","@id":"https:\/\/acceptationdesoi.fr\/#\/schema\/person\/df70b93d425968942c9fb23384efc409","name":"admin8367","image":{"@type":"ImageObject","inLanguage":"fr-FR","@id":"https:\/\/acceptationdesoi.fr\/#\/schema\/person\/image\/","url":"https:\/\/secure.gravatar.com\/avatar\/fd747076f3cba35a8adf240cc27d59f586c9d75cc8a713306739f5a6a0cf04ff?s=96&d=mm&r=g","contentUrl":"https:\/\/secure.gravatar.com\/avatar\/fd747076f3cba35a8adf240cc27d59f586c9d75cc8a713306739f5a6a0cf04ff?s=96&d=mm&r=g","caption":"admin8367"},"sameAs":["http:\/\/acceptk.cluster027.hosting.ovh.net"],"url":"https:\/\/acceptationdesoi.fr\/index.php\/author\/admin8367\/"}]}},"jetpack_sharing_enabled":true,"_links":{"self":[{"href":"https:\/\/acceptationdesoi.fr\/index.php\/wp-json\/wp\/v2\/pages\/426","targetHints":{"allow":["GET"]}}],"collection":[{"href":"https:\/\/acceptationdesoi.fr\/index.php\/wp-json\/wp\/v2\/pages"}],"about":[{"href":"https:\/\/acceptationdesoi.fr\/index.php\/wp-json\/wp\/v2\/types\/page"}],"author":[{"embeddable":true,"href":"https:\/\/acceptationdesoi.fr\/index.php\/wp-json\/wp\/v2\/users\/1"}],"replies":[{"embeddable":true,"href":"https:\/\/acceptationdesoi.fr\/index.php\/wp-json\/wp\/v2\/comments?post=426"}],"version-history":[{"count":115,"href":"https:\/\/acceptationdesoi.fr\/index.php\/wp-json\/wp\/v2\/pages\/426\/revisions"}],"predecessor-version":[{"id":2559,"href":"https:\/\/acceptationdesoi.fr\/index.php\/wp-json\/wp\/v2\/pages\/426\/revisions\/2559"}],"wp:attachment":[{"href":"https:\/\/acceptationdesoi.fr\/index.php\/wp-json\/wp\/v2\/media?parent=426"}],"curies":[{"name":"wp","href":"https:\/\/api.w.org\/{rel}","templated":true}]}}